{"id":204,"date":"2022-02-07T19:59:32","date_gmt":"2022-02-07T18:59:32","guid":{"rendered":"http:\/\/sdswisznice.pl\/?page_id=204"},"modified":"2022-04-13T17:31:19","modified_gmt":"2022-04-13T15:31:19","slug":"pracownie","status":"publish","type":"page","link":"https:\/\/sdswisznice.pl\/index.php\/pracownie\/","title":{"rendered":"Pracownie"},"content":{"rendered":"<p>[et_pb_section fb_built=&#8221;1&#8243; admin_label=&#8221;Header&#8221; _builder_version=&#8221;4.14.7&#8243; use_background_color_gradient=&#8221;on&#8221; background_color_gradient_start=&#8221;rgba(255,255,255,0.89)&#8221; background_color_gradient_end=&#8221;rgba(255,255,255,0)&#8221; background_color_gradient_type=&#8221;radial&#8221; background_color_gradient_direction_radial=&#8221;top left&#8221; background_color_gradient_start_position=&#8221;30%&#8221; background_color_gradient_end_position=&#8221;80%&#8221; background_color_gradient_overlays_image=&#8221;on&#8221; background_image=&#8221;https:\/\/sdswisznice.pl\/wp-content\/uploads\/2021\/12\/Sala-Terapii-Ruchem.jpg&#8221; background_position=&#8221;top_center&#8221; custom_margin=&#8221;|||&#8221; custom_padding=&#8221;8vw||8vw||true&#8221; global_colors_info=&#8221;{}&#8221;][et_pb_row _builder_version=&#8221;3.25&#8243; global_colors_info=&#8221;{}&#8221;][et_pb_column type=&#8221;4_4&#8243; _builder_version=&#8221;3.25&#8243; custom_padding=&#8221;|||&#8221; global_colors_info=&#8221;{}&#8221; custom_padding__hover=&#8221;|||&#8221;][et_pb_text _builder_version=&#8221;4.14.7&#8243; text_font=&#8221;||||||||&#8221; header_font=&#8221;Raleway|700|||||||&#8221; header_font_size=&#8221;80px&#8221; header_line_height=&#8221;1.2em&#8221; header_5_font=&#8221;Raleway|700||on|||||&#8221; header_5_text_color=&#8221;#000000&#8243; header_5_font_size=&#8221;20px&#8221; header_5_letter_spacing=&#8221;0.5em&#8221; header_5_line_height=&#8221;1.8em&#8221; animation_style=&#8221;zoom&#8221; animation_intensity_zoom=&#8221;5%&#8221; header_font_size_tablet=&#8221;48px&#8221; header_font_size_phone=&#8221;32px&#8221; header_font_size_last_edited=&#8221;on|phone&#8221; header_5_font_size_tablet=&#8221;14px&#8221; header_5_font_size_phone=&#8221;12px&#8221; header_5_font_size_last_edited=&#8221;on|desktop&#8221; global_colors_info=&#8221;{}&#8221;]<\/p>\n<h5>Tu zmieniamy \u017cycia<\/h5>\n<h1>Nasze pracownie<\/h1>\n<p>[\/et_pb_text][\/et_pb_column][\/et_pb_row][\/et_pb_section][et_pb_section fb_built=&#8221;1&#8243; admin_label=&#8221;Blog&#8221; _builder_version=&#8221;4.14.7&#8243; use_background_color_gradient=&#8221;on&#8221; background_color_gradient_start=&#8221;#4c8bbe&#8221; background_color_gradient_end=&#8221;rgba(47,58,68,0.68)&#8221; background_color_gradient_direction=&#8221;150deg&#8221; background_color_gradient_start_position=&#8221;25%&#8221; background_color_gradient_overlays_image=&#8221;on&#8221; background_image=&#8221;https:\/\/sdswisznice.pl\/wp-content\/uploads\/2021\/12\/bg4.jpg&#8221; locked=&#8221;off&#8221; global_colors_info=&#8221;{}&#8221;][et_pb_row _builder_version=&#8221;3.25&#8243; locked=&#8221;off&#8221; global_colors_info=&#8221;{}&#8221;][et_pb_column type=&#8221;4_4&#8243; _builder_version=&#8221;3.25&#8243; custom_padding=&#8221;|||&#8221; global_colors_info=&#8221;{}&#8221; custom_padding__hover=&#8221;|||&#8221;][et_pb_text _builder_version=&#8221;4.14.3&#8243; text_font=&#8221;||||||||&#8221; text_font_size=&#8221;16px&#8221; text_line_height=&#8221;2em&#8221; ul_font=&#8221;||||||||&#8221; ol_font=&#8221;||||||||&#8221; header_font=&#8221;||||||||&#8221; header_2_font=&#8221;Raleway|700|||||||&#8221; header_2_font_size=&#8221;50px&#8221; header_2_line_height=&#8221;1.2em&#8221; header_3_font=&#8221;||||||||&#8221; header_4_font=&#8221;||||||||&#8221; header_5_font=&#8221;||||||||&#8221; header_6_font=&#8221;Raleway|700||on|||||&#8221; header_6_font_size=&#8221;16px&#8221; header_6_letter_spacing=&#8221;5px&#8221; header_6_line_height=&#8221;1.8em&#8221; background_layout=&#8221;dark&#8221; max_width=&#8221;800px&#8221; header_2_font_size_tablet=&#8221;35px&#8221; header_2_font_size_phone=&#8221;25px&#8221; header_2_font_size_last_edited=&#8221;on|phone&#8221; global_colors_info=&#8221;{}&#8221;]<\/p>\n<h6>o nas<\/h6>\n<h2>Nasza Kadra<\/h2>\n<p>[\/et_pb_text][\/et_pb_column][\/et_pb_row][et_pb_row _builder_version=&#8221;4.14.3&#8243; _module_preset=&#8221;default&#8221; global_colors_info=&#8221;{}&#8221;][et_pb_column type=&#8221;4_4&#8243; _builder_version=&#8221;4.14.3&#8243; _module_preset=&#8221;default&#8221; custom_css_main_element=&#8221;display: flex;||align-items: center;||justify-content: center;&#8221; global_colors_info=&#8221;{}&#8221;][et_pb_team_member name=&#8221;Piotr Romanowicz&#8221; position=&#8221;Kierownik&#8221; _builder_version=&#8221;4.14.7&#8243; _module_preset=&#8221;default&#8221; header_font=&#8221;Raleway|600|||||||&#8221; header_text_color=&#8221;#FFFFFF&#8221; position_text_color=&#8221;#FFFFFF&#8221; background_layout=&#8221;dark&#8221; custom_margin=&#8221;-30px||||false|false&#8221; custom_margin_tablet=&#8221;-30px|||-40px|false|false&#8221; custom_margin_phone=&#8221;|||15px|false|false&#8221; custom_margin_last_edited=&#8221;on|phone&#8221; global_colors_info=&#8221;{}&#8221;][\/et_pb_team_member][\/et_pb_column][\/et_pb_row][et_pb_row column_structure=&#8221;1_2,1_2&#8243; custom_padding_last_edited=&#8221;on|desktop&#8221; _builder_version=&#8221;4.14.4&#8243; _module_preset=&#8221;default&#8221; custom_padding=&#8221;|||10vw|false|false&#8221; custom_padding_tablet=&#8221;|||0vw|false|false&#8221; custom_padding_phone=&#8221;|||0vw|false|false&#8221; global_colors_info=&#8221;{}&#8221;][et_pb_column type=&#8221;1_2&#8243; _builder_version=&#8221;4.14.4&#8243; _module_preset=&#8221;default&#8221; custom_css_main_element=&#8221;display:flex;||align-items: center;&#8221; global_colors_info=&#8221;{}&#8221;][et_pb_team_member name=&#8221;Gra\u017cyna Wojciechowska&#8221; position=&#8221;g\u0142\u00f3wna ksi\u0119gowa&#8221; _builder_version=&#8221;4.14.7&#8243; _module_preset=&#8221;default&#8221; header_font=&#8221;Raleway|600|||||||&#8221; header_text_color=&#8221;#FFFFFF&#8221; position_text_color=&#8221;#FFFFFF&#8221; background_layout=&#8221;dark&#8221; custom_margin=&#8221;||||false|false&#8221; global_colors_info=&#8221;{}&#8221;][\/et_pb_team_member][\/et_pb_column][et_pb_column type=&#8221;1_2&#8243; _builder_version=&#8221;4.14.4&#8243; _module_preset=&#8221;default&#8221; custom_css_main_element=&#8221;display:flex;||align-items: center;&#8221; global_colors_info=&#8221;{}&#8221;][et_pb_team_member name=&#8221;Marlena Chmiel &#8221; position=&#8221;psycholog&#8221; _builder_version=&#8221;4.14.4&#8243; _module_preset=&#8221;default&#8221; header_font=&#8221;Raleway|600|||||||&#8221; header_text_color=&#8221;#FFFFFF&#8221; position_text_color=&#8221;#FFFFFF&#8221; background_layout=&#8221;dark&#8221; custom_margin=&#8221;||||false|false&#8221; global_colors_info=&#8221;{}&#8221;][\/et_pb_team_member][\/et_pb_column][\/et_pb_row][et_pb_row column_structure=&#8221;1_2,1_2&#8243; custom_padding_last_edited=&#8221;on|desktop&#8221; _builder_version=&#8221;4.14.4&#8243; _module_preset=&#8221;default&#8221; custom_padding=&#8221;|||10vw|false|false&#8221; custom_padding_tablet=&#8221;|||0vw|false|false&#8221; custom_padding_phone=&#8221;|||0vw|false|false&#8221; global_colors_info=&#8221;{}&#8221;][et_pb_column type=&#8221;1_2&#8243; _builder_version=&#8221;4.14.3&#8243; _module_preset=&#8221;default&#8221; custom_css_main_element=&#8221;display:flex;||align-items: center;&#8221; global_colors_info=&#8221;{}&#8221;][et_pb_team_member name=&#8221;Karolina \u0141uczy\u0144ska&#8221; position=&#8221;fizjoterapeuta&#8221; _builder_version=&#8221;4.14.8&#8243; _module_preset=&#8221;default&#8221; header_font=&#8221;Raleway|600|||||||&#8221; header_text_color=&#8221;#FFFFFF&#8221; position_text_color=&#8221;#FFFFFF&#8221; background_layout=&#8221;dark&#8221; custom_margin=&#8221;||||false|false&#8221; hover_enabled=&#8221;0&#8243; global_colors_info=&#8221;{}&#8221; sticky_enabled=&#8221;0&#8243;][\/et_pb_team_member][\/et_pb_column][et_pb_column type=&#8221;1_2&#8243; _builder_version=&#8221;4.14.3&#8243; _module_preset=&#8221;default&#8221; custom_css_main_element=&#8221;display:flex;||align-items: center;&#8221; global_colors_info=&#8221;{}&#8221;][et_pb_team_member name=&#8221;Agnieszka Stawecka&#8221; position=&#8221;instruktor terapii zaj\u0119ciowej&#8221; _builder_version=&#8221;4.14.4&#8243; _module_preset=&#8221;default&#8221; header_font=&#8221;Raleway|600|||||||&#8221; header_text_color=&#8221;#FFFFFF&#8221; position_text_color=&#8221;#FFFFFF&#8221; background_layout=&#8221;dark&#8221; custom_margin=&#8221;||||false|false&#8221; global_colors_info=&#8221;{}&#8221;][\/et_pb_team_member][\/et_pb_column][\/et_pb_row][et_pb_row column_structure=&#8221;1_2,1_2&#8243; custom_padding_last_edited=&#8221;on|desktop&#8221; _builder_version=&#8221;4.14.4&#8243; _module_preset=&#8221;default&#8221; custom_padding=&#8221;|||10vw|false|false&#8221; custom_padding_tablet=&#8221;|||0vw|false|false&#8221; custom_padding_phone=&#8221;|||0vw|false|false&#8221; global_colors_info=&#8221;{}&#8221;][et_pb_column type=&#8221;1_2&#8243; _builder_version=&#8221;4.14.3&#8243; _module_preset=&#8221;default&#8221; custom_css_main_element=&#8221;display:flex;||align-items: center;&#8221; global_colors_info=&#8221;{}&#8221;][et_pb_team_member name=&#8221;Marta \u017bukowska&#8221; position=&#8221;instruktor terapii zaj\u0119ciowej&#8221; _builder_version=&#8221;4.14.7&#8243; _module_preset=&#8221;default&#8221; header_font=&#8221;Raleway|600|||||||&#8221; header_text_color=&#8221;#FFFFFF&#8221; position_text_color=&#8221;#FFFFFF&#8221; background_layout=&#8221;dark&#8221; custom_margin=&#8221;||||false|false&#8221; global_colors_info=&#8221;{}&#8221;][\/et_pb_team_member][\/et_pb_column][et_pb_column type=&#8221;1_2&#8243; _builder_version=&#8221;4.14.3&#8243; _module_preset=&#8221;default&#8221; custom_css_main_element=&#8221;display:flex;||align-items: center;&#8221; global_colors_info=&#8221;{}&#8221;][et_pb_team_member name=&#8221;Judyta Kad\u0142ubowska&#8221; position=&#8221;instruktor terapii zaj\u0119ciowej&#8221; _builder_version=&#8221;4.14.4&#8243; _module_preset=&#8221;default&#8221; header_font=&#8221;Raleway|600|||||||&#8221; header_text_color=&#8221;#FFFFFF&#8221; position_text_color=&#8221;#FFFFFF&#8221; background_layout=&#8221;dark&#8221; custom_margin=&#8221;||||false|false&#8221; global_colors_info=&#8221;{}&#8221;][\/et_pb_team_member][\/et_pb_column][\/et_pb_row][\/et_pb_section][et_pb_section fb_built=&#8221;1&#8243; make_equal=&#8221;on&#8221; specialty=&#8221;on&#8221; custom_css_main_1=&#8221;align-self: center;&#8221; custom_css_main_2=&#8221;align-self: center;&#8221; admin_label=&#8221;Room&#8221; _builder_version=&#8221;4.14.7&#8243; global_colors_info=&#8221;{}&#8221;][et_pb_column type=&#8221;1_2&#8243; specialty_columns=&#8221;2&#8243; _builder_version=&#8221;3.25&#8243; custom_padding=&#8221;|||&#8221; global_colors_info=&#8221;{}&#8221; custom_padding__hover=&#8221;|||&#8221;][et_pb_row_inner _builder_version=&#8221;3.25&#8243; global_colors_info=&#8221;{}&#8221;][et_pb_column_inner saved_specialty_column_type=&#8221;1_2&#8243; _builder_version=&#8221;3.25&#8243; custom_padding=&#8221;|||&#8221; global_colors_info=&#8221;{}&#8221; custom_padding__hover=&#8221;|||&#8221;][et_pb_image src=&#8221;https:\/\/sdswisznice.pl\/wp-content\/uploads\/2022\/02\/pracownia-artystyczna-1.jpg&#8221; title_text=&#8221;pracownia artystyczna&#8221; align_tablet=&#8221;center&#8221; align_phone=&#8221;center&#8221; align_last_edited=&#8221;on|desktop&#8221; _builder_version=&#8221;4.14.7&#8243; locked=&#8221;off&#8221; global_colors_info=&#8221;{}&#8221;][\/et_pb_image][\/et_pb_column_inner][\/et_pb_row_inner][\/et_pb_column][et_pb_column type=&#8221;1_2&#8243; _builder_version=&#8221;3.25&#8243; custom_padding=&#8221;|||&#8221; global_colors_info=&#8221;{}&#8221; custom_padding__hover=&#8221;|||&#8221;][et_pb_text _builder_version=&#8221;4.14.7&#8243; text_font=&#8221;||||||||&#8221; text_font_size=&#8221;16px&#8221; text_line_height=&#8221;2em&#8221; ul_font=&#8221;||||||||&#8221; ul_line_height=&#8221;2em&#8221; header_font=&#8221;||||||||&#8221; header_3_font=&#8221;Raleway|700|||||||&#8221; header_3_font_size=&#8221;40px&#8221; header_3_line_height=&#8221;1.4em&#8221; header_6_line_height=&#8221;1.8em&#8221; header_3_font_size_tablet=&#8221;35px&#8221; header_3_font_size_phone=&#8221;25px&#8221; header_3_font_size_last_edited=&#8221;on|phone&#8221; locked=&#8221;off&#8221; global_colors_info=&#8221;{}&#8221;]<\/p>\n<h3>Pracownia Artystyczna<\/h3>\n<p><span style=\"font-weight: 400;\">W ramach pracowni prowadzone s\u0105 zaj\u0119cia z zakresu multimedi\u00f3w, muzykoterapii i biblioterapii.<\/span><\/p>\n<p><span style=\"font-weight: 400;\">W ramach zaj\u0119\u0107\u00a0 komputerowych uczestnicy \u015brodowiskowego Domu Samopomocy nabywaj\u0105 umiej\u0119tno\u015bci korzystania komputer\u00f3w, urz\u0105dze\u0144 peryferyjnych, oprogramowania\u00a0 oraz Internetu.<\/span><\/p>\n<p><span style=\"font-weight: 400;\">zaj\u0119cia muzyczne rozwijaj\u0105 przede wszystkim zainteresowanie \u015bpiewem i ta\u0144cem, a poprzez biblioterapi\u0119 rozbudzane jest zainteresowanie literatur\u0105, \u0107wiczenie i utrwalanie umiej\u0119tno\u015bci czytania oraz poprawnej mowy. dzia\u0142ania ukierunkowane s\u0105 na otwieranie si\u0119 uczestnik\u00f3w na otaczaj\u0105cy \u015bwiat, zapoznanie z nowoczesnymi technologiami, rozw\u00f3j emocjonalny, duchowy oraz nabywanie i doskonalenie umiej\u0119tno\u015bci komunikowania si\u0119 z innymi przy u\u017cyciu r\u00f3\u017cnego rodzaju medi\u00f3w.<\/span><\/p>\n<p>[\/et_pb_text][\/et_pb_column][\/et_pb_section][et_pb_section fb_built=&#8221;1&#8243; make_equal=&#8221;on&#8221; specialty=&#8221;on&#8221; custom_css_main_1=&#8221;align-self: center;&#8221; custom_css_main_2=&#8221;align-self: center;&#8221; admin_label=&#8221;Room&#8221; _builder_version=&#8221;4.14.7&#8243; global_colors_info=&#8221;{}&#8221;][et_pb_column type=&#8221;1_2&#8243; _builder_version=&#8221;3.25&#8243; custom_padding=&#8221;|||&#8221; global_colors_info=&#8221;{}&#8221; custom_padding__hover=&#8221;|||&#8221;][et_pb_text _builder_version=&#8221;4.14.7&#8243; text_font=&#8221;||||||||&#8221; text_font_size=&#8221;16px&#8221; text_line_height=&#8221;2em&#8221; ul_font=&#8221;||||||||&#8221; ul_line_height=&#8221;2em&#8221; header_font=&#8221;||||||||&#8221; header_3_font=&#8221;Raleway|700|||||||&#8221; header_3_font_size=&#8221;40px&#8221; header_3_line_height=&#8221;1.4em&#8221; header_6_line_height=&#8221;1.8em&#8221; header_3_font_size_tablet=&#8221;35px&#8221; header_3_font_size_phone=&#8221;25px&#8221; header_3_font_size_last_edited=&#8221;on|phone&#8221; locked=&#8221;off&#8221; global_colors_info=&#8221;{}&#8221;]<\/p>\n<h3>Pracownia gospodarstwa domowego<\/h3>\n<p><span style=\"font-weight: 400;\">G\u0142\u00f3wnym celem zaj\u0119\u0107 jest nabywanie, podtrzymywanie i doskonalenie umiej\u0119tno\u015bci z zakresu czynno\u015bci dnia codziennego, takich jak: wyb\u00f3r i zakup odpowiednich produkt\u00f3w spo\u017cywczych, przygotowywanie prostych posi\u0142k\u00f3w, gotowanie, nakrywanie do sto\u0142u i sprz\u0105tanie. Do dyspozycji uczestnik\u00f3w jest sprz\u0119t AGD, z kt\u00f3rego obs\u0142ug\u0105 musz\u0105 si\u0119 zapozna\u0107, zgodnie z przepisami BHP i PPO\u017b. W ramach trening\u00f3w kulinarnych uczestnicy ucz\u0105 si\u0119 przygotowywa\u0107 przetwory, desery oraz piec ciasta.<\/span><\/p>\n<p><span style=\"font-weight: 400;\">Samodzielnie wykonywane posi\u0142ki, wsp\u00f3lna konsumpcja pozytywnie wp\u0142ywaj\u0105 na samopoczucie uczestnik\u00f3w &#8211; s\u0105 \u017ar\u00f3d\u0142em satysfakcji, podnosz\u0105 poczucie w\u0142asnej warto\u015bci, wzmacniaj\u0105 wiar\u0119 we w\u0142asne mo\u017cliwo\u015bci, ucz\u0105 odpowiedzialno\u015bci i zaradno\u015bci \u017cyciowej oraz wsp\u00f3\u0142dzia\u0142ania w grupie.<\/span><\/p>\n<p><span style=\"font-weight: 400;\">Codzienne przygotowywany jest ciep\u0142y posi\u0142ek dla wszystkich uczestnik\u00f3w \u015aDS.<\/span><\/p>\n<p>[\/et_pb_text][\/et_pb_column][et_pb_column type=&#8221;1_2&#8243; specialty_columns=&#8221;2&#8243; _builder_version=&#8221;3.25&#8243; custom_padding=&#8221;|||&#8221; global_colors_info=&#8221;{}&#8221; custom_padding__hover=&#8221;|||&#8221;][et_pb_row_inner _builder_version=&#8221;3.25&#8243; global_colors_info=&#8221;{}&#8221;][et_pb_column_inner saved_specialty_column_type=&#8221;1_2&#8243; _builder_version=&#8221;3.25&#8243; custom_padding=&#8221;|||&#8221; global_colors_info=&#8221;{}&#8221; custom_padding__hover=&#8221;|||&#8221;][et_pb_image src=&#8221;https:\/\/sdswisznice.pl\/wp-content\/uploads\/2022\/02\/pracownia-gospodarstwa-domowego-1.jpg&#8221; title_text=&#8221;pracownia gospodarstwa domowego 1&#8243; align_tablet=&#8221;center&#8221; align_phone=&#8221;center&#8221; align_last_edited=&#8221;on|desktop&#8221; _builder_version=&#8221;4.14.7&#8243; locked=&#8221;off&#8221; global_colors_info=&#8221;{}&#8221;][\/et_pb_image][\/et_pb_column_inner][\/et_pb_row_inner][et_pb_row_inner column_structure=&#8221;1_2,1_2&#8243; _builder_version=&#8221;4.14.7&#8243; _module_preset=&#8221;default&#8221; global_colors_info=&#8221;{}&#8221;][et_pb_column_inner type=&#8221;1_2&#8243; saved_specialty_column_type=&#8221;1_2&#8243; _builder_version=&#8221;4.14.7&#8243; _module_preset=&#8221;default&#8221; global_colors_info=&#8221;{}&#8221;][et_pb_image src=&#8221;https:\/\/sdswisznice.pl\/wp-content\/uploads\/2022\/02\/pracownia-gospodarstwa-domowego-2.jpg&#8221; title_text=&#8221;pracownia gospodarstwa domowego 2&#8243; _builder_version=&#8221;4.14.7&#8243; _module_preset=&#8221;default&#8221; global_colors_info=&#8221;{}&#8221;][\/et_pb_image][\/et_pb_column_inner][et_pb_column_inner type=&#8221;1_2&#8243; saved_specialty_column_type=&#8221;1_2&#8243; _builder_version=&#8221;4.14.7&#8243; _module_preset=&#8221;default&#8221; global_colors_info=&#8221;{}&#8221;][\/et_pb_column_inner][\/et_pb_row_inner][\/et_pb_column][\/et_pb_section][et_pb_section fb_built=&#8221;1&#8243; _builder_version=&#8221;4.14.7&#8243; _module_preset=&#8221;default&#8221; global_colors_info=&#8221;{}&#8221;][et_pb_row _builder_version=&#8221;4.14.7&#8243; _module_preset=&#8221;default&#8221; global_colors_info=&#8221;{}&#8221;][et_pb_column type=&#8221;4_4&#8243; _builder_version=&#8221;4.14.7&#8243; _module_preset=&#8221;default&#8221; global_colors_info=&#8221;{}&#8221;][et_pb_text _builder_version=&#8221;4.14.7&#8243; text_font=&#8221;||||||||&#8221; text_font_size=&#8221;16px&#8221; text_line_height=&#8221;2em&#8221; ul_font=&#8221;||||||||&#8221; ul_line_height=&#8221;2em&#8221; header_font=&#8221;||||||||&#8221; header_3_font=&#8221;Raleway|700|||||||&#8221; header_3_font_size=&#8221;40px&#8221; header_3_line_height=&#8221;1.4em&#8221; header_6_line_height=&#8221;1.8em&#8221; header_3_font_size_tablet=&#8221;35px&#8221; header_3_font_size_phone=&#8221;25px&#8221; header_3_font_size_last_edited=&#8221;on|phone&#8221; locked=&#8221;off&#8221; global_colors_info=&#8221;{}&#8221;]<\/p>\n<h3><b>Pracownia manualna<\/b><\/h3>\n<p><span style=\"font-weight: 400;\">Zaj\u0119cia z zakresu plastyki, r\u0119kodzie\u0142a artystycznego oraz sztuk u\u017cytkowych, ukierunkowane na rozwijanie kreatywno\u015bci, samodzielno\u015bci, doskonalenia motoryki ma\u0142ej i koordynacji wzrokowo-ruchowej oraz zaspokojenie potrzeb samorealizacji.\u00a0<\/span><\/p>\n<p><span style=\"font-weight: 400;\">Wykonujemy tu prace takie jak: ozdoby \u015bwi\u0105teczne, malowanie farbami, prace z wykorzystaniem drewna lub sklejki, decoupage, scrapbooking i wiele innych.<\/span><\/p>\n<p>[\/et_pb_text][\/et_pb_column][\/et_pb_row][\/et_pb_section][et_pb_section fb_built=&#8221;1&#8243; make_equal=&#8221;on&#8221; specialty=&#8221;on&#8221; custom_css_main_1=&#8221;align-self: center;&#8221; admin_label=&#8221;Room&#8221; _builder_version=&#8221;4.14.7&#8243; global_colors_info=&#8221;{}&#8221;][et_pb_column type=&#8221;1_2&#8243; _builder_version=&#8221;3.25&#8243; custom_padding=&#8221;|||&#8221; global_colors_info=&#8221;{}&#8221; custom_padding__hover=&#8221;|||&#8221;][et_pb_text _builder_version=&#8221;4.14.7&#8243; text_font=&#8221;||||||||&#8221; text_font_size=&#8221;16px&#8221; text_line_height=&#8221;2em&#8221; ul_font=&#8221;||||||||&#8221; ul_line_height=&#8221;2em&#8221; header_font=&#8221;||||||||&#8221; header_3_font=&#8221;Raleway|700|||||||&#8221; header_3_font_size=&#8221;40px&#8221; header_3_line_height=&#8221;1.4em&#8221; header_6_line_height=&#8221;1.8em&#8221; header_3_font_size_tablet=&#8221;35px&#8221; header_3_font_size_phone=&#8221;25px&#8221; header_3_font_size_last_edited=&#8221;on|phone&#8221; locked=&#8221;off&#8221; global_colors_info=&#8221;{}&#8221;]<\/p>\n<h3><b>Sala terapii ruchem<\/b><\/h3>\n<p><span style=\"font-weight: 400;\">Podstawowym celem jest aktywizacja i rehabilitacja ruchowa uczestnik\u00f3w, w formie grupowej i indywidualnej. \u0106wiczenia maj\u0105 na celu popraw\u0119 og\u00f3lnej kondycji fizycznej, usprawnienie funkcji motorycznych, korygowanie wad postawy, normalizacj\u0119 napi\u0119cia mi\u0119\u015bniowego, rozbudzanie zainteresowa\u0144 sportem, zwi\u0119kszenie wydolno\u015bci oraz relaksacj\u0105.<\/span><\/p>\n<p>[\/et_pb_text][\/et_pb_column][et_pb_column type=&#8221;1_2&#8243; specialty_columns=&#8221;2&#8243; _builder_version=&#8221;3.25&#8243; custom_padding=&#8221;|||&#8221; global_colors_info=&#8221;{}&#8221; custom_padding__hover=&#8221;|||&#8221;][et_pb_row_inner _builder_version=&#8221;3.25&#8243; global_colors_info=&#8221;{}&#8221;][et_pb_column_inner saved_specialty_column_type=&#8221;1_2&#8243; _builder_version=&#8221;3.25&#8243; custom_padding=&#8221;|||&#8221; global_colors_info=&#8221;{}&#8221; custom_padding__hover=&#8221;|||&#8221;][et_pb_image src=&#8221;https:\/\/sdswisznice.pl\/wp-content\/uploads\/2021\/12\/Sala-Terapii-Ruchem.jpg&#8221; title_text=&#8221;Sala Terapii Ruchem&#8221; align_tablet=&#8221;center&#8221; align_phone=&#8221;center&#8221; align_last_edited=&#8221;on|desktop&#8221; _builder_version=&#8221;4.14.7&#8243; locked=&#8221;off&#8221; global_colors_info=&#8221;{}&#8221;][\/et_pb_image][\/et_pb_column_inner][\/et_pb_row_inner][\/et_pb_column][\/et_pb_section]<\/p>\n","protected":false},"excerpt":{"rendered":"<p>Tu zmieniamy \u017cycia Nasze pracownieo nas Nasza KadraPracownia Artystyczna W ramach pracowni prowadzone s\u0105 zaj\u0119cia z zakresu multimedi\u00f3w, muzykoterapii i biblioterapii. W ramach zaj\u0119\u0107\u00a0 komputerowych uczestnicy \u015brodowiskowego Domu Samopomocy nabywaj\u0105 umiej\u0119tno\u015bci korzystania komputer\u00f3w, urz\u0105dze\u0144 peryferyjnych, oprogramowania\u00a0 oraz Internetu. zaj\u0119cia muzyczne rozwijaj\u0105 przede wszystkim zainteresowanie \u015bpiewem i ta\u0144cem, a poprzez biblioterapi\u0119 rozbudzane jest zainteresowanie literatur\u0105, \u0107wiczenie [&hellip;]<\/p>\n","protected":false},"author":1,"featured_media":0,"parent":0,"menu_order":0,"comment_status":"closed","ping_status":"closed","template":"","meta":{"_et_pb_use_builder":"on","_et_pb_old_content":"<!-- wp:divi\/placeholder \/-->","_et_gb_content_width":"","footnotes":""},"class_list":["post-204","page","type-page","status-publish","hentry"],"acf":[],"_links":{"self":[{"href":"https:\/\/sdswisznice.pl\/index.php\/wp-json\/wp\/v2\/pages\/204","targetHints":{"allow":["GET"]}}],"collection":[{"href":"https:\/\/sdswisznice.pl\/index.php\/wp-json\/wp\/v2\/pages"}],"about":[{"href":"https:\/\/sdswisznice.pl\/index.php\/wp-json\/wp\/v2\/types\/page"}],"author":[{"embeddable":true,"href":"https:\/\/sdswisznice.pl\/index.php\/wp-json\/wp\/v2\/users\/1"}],"replies":[{"embeddable":true,"href":"https:\/\/sdswisznice.pl\/index.php\/wp-json\/wp\/v2\/comments?post=204"}],"version-history":[{"count":6,"href":"https:\/\/sdswisznice.pl\/index.php\/wp-json\/wp\/v2\/pages\/204\/revisions"}],"predecessor-version":[{"id":616,"href":"https:\/\/sdswisznice.pl\/index.php\/wp-json\/wp\/v2\/pages\/204\/revisions\/616"}],"wp:attachment":[{"href":"https:\/\/sdswisznice.pl\/index.php\/wp-json\/wp\/v2\/media?parent=204"}],"curies":[{"name":"wp","href":"https:\/\/api.w.org\/{rel}","templated":true}]}}