{"id":344,"date":"2022-03-10T03:55:26","date_gmt":"2022-03-10T02:55:26","guid":{"rendered":"https:\/\/sdswisznice.pl\/?page_id=344"},"modified":"2022-03-10T03:55:27","modified_gmt":"2022-03-10T02:55:27","slug":"projekty","status":"publish","type":"page","link":"https:\/\/sdswisznice.pl\/index.php\/projekty\/","title":{"rendered":"Projekty"},"content":{"rendered":"<p>[et_pb_section fb_built=&#8221;1&#8243; admin_label=&#8221;Header&#8221; _builder_version=&#8221;4.14.8&#8243; use_background_color_gradient=&#8221;on&#8221; background_color_gradient_start=&#8221;rgba(255,255,255,0.89)&#8221; background_color_gradient_end=&#8221;rgba(255,255,255,0)&#8221; background_color_gradient_type=&#8221;radial&#8221; background_color_gradient_direction_radial=&#8221;top left&#8221; background_color_gradient_start_position=&#8221;30%&#8221; background_color_gradient_end_position=&#8221;80%&#8221; background_color_gradient_overlays_image=&#8221;on&#8221; background_image=&#8221;https:\/\/sdswisznice.pl\/wp-content\/uploads\/2022\/03\/krakenimages-Y5bvRlcCx8k-unsplash-scaled.jpg&#8221; custom_margin=&#8221;|||&#8221; custom_padding=&#8221;8vw||8vw||true&#8221; hover_enabled=&#8221;0&#8243; global_colors_info=&#8221;{}&#8221; theme_builder_area=&#8221;post_content&#8221; title_text=&#8221;krakenimages-Y5bvRlcCx8k-unsplash&#8221; sticky_enabled=&#8221;0&#8243;][et_pb_row _builder_version=&#8221;3.25&#8243; global_colors_info=&#8221;{}&#8221; theme_builder_area=&#8221;post_content&#8221;][et_pb_column type=&#8221;4_4&#8243; _builder_version=&#8221;3.25&#8243; custom_padding=&#8221;|||&#8221; global_colors_info=&#8221;{}&#8221; custom_padding__hover=&#8221;|||&#8221; theme_builder_area=&#8221;post_content&#8221;][et_pb_text _builder_version=&#8221;4.14.8&#8243; text_font=&#8221;||||||||&#8221; header_font=&#8221;Raleway|700|||||||&#8221; header_font_size=&#8221;80px&#8221; header_line_height=&#8221;1.2em&#8221; header_5_font=&#8221;Raleway|700||on|||||&#8221; header_5_text_color=&#8221;#000000&#8243; header_5_font_size=&#8221;20px&#8221; header_5_letter_spacing=&#8221;0.5em&#8221; header_5_line_height=&#8221;1.8em&#8221; animation_style=&#8221;zoom&#8221; animation_intensity_zoom=&#8221;5%&#8221; hover_enabled=&#8221;0&#8243; header_font_size_tablet=&#8221;48px&#8221; header_font_size_phone=&#8221;32px&#8221; header_font_size_last_edited=&#8221;on|phone&#8221; header_5_font_size_tablet=&#8221;14px&#8221; header_5_font_size_phone=&#8221;12px&#8221; header_5_font_size_last_edited=&#8221;on|desktop&#8221; global_colors_info=&#8221;{}&#8221; theme_builder_area=&#8221;post_content&#8221; sticky_enabled=&#8221;0&#8243;]<\/p>\n<h5><\/h5>\n<h1>Projekty<\/h1>\n<p>[\/et_pb_text][\/et_pb_column][\/et_pb_row][\/et_pb_section][et_pb_section fb_built=&#8221;1&#8243; admin_label=&#8221;About&#8221; _builder_version=&#8221;3.22&#8243; global_colors_info=&#8221;{}&#8221; theme_builder_area=&#8221;post_content&#8221;][et_pb_row custom_padding_last_edited=&#8221;on|desktop&#8221; _builder_version=&#8221;3.25&#8243; custom_padding=&#8221;27px|100px|27px|100px|false|false&#8221; custom_padding_tablet=&#8221;|0px||0px||true&#8221; custom_padding_phone=&#8221;&#8221; global_colors_info=&#8221;{}&#8221; theme_builder_area=&#8221;post_content&#8221;][et_pb_column type=&#8221;4_4&#8243; _builder_version=&#8221;3.25&#8243; custom_padding=&#8221;|||&#8221; global_colors_info=&#8221;{}&#8221; custom_padding__hover=&#8221;|||&#8221; theme_builder_area=&#8221;post_content&#8221;][et_pb_text _builder_version=&#8221;4.14.8&#8243; text_font=&#8221;||||||||&#8221; text_font_size=&#8221;16px&#8221; text_line_height=&#8221;2em&#8221; header_font=&#8221;||||||||&#8221; header_2_font=&#8221;Raleway|700|||||||&#8221; header_2_font_size=&#8221;30px&#8221; header_2_line_height=&#8221;1.2em&#8221; header_6_font=&#8221;Raleway|700||on|||||&#8221; header_6_font_size=&#8221;16px&#8221; header_6_letter_spacing=&#8221;5px&#8221; header_6_line_height=&#8221;1.8em&#8221; max_width=&#8221;700px&#8221; max_width_last_edited=&#8221;off|desktop&#8221; module_alignment=&#8221;center&#8221; hover_enabled=&#8221;0&#8243; header_2_font_size_tablet=&#8221;35px&#8221; header_2_font_size_phone=&#8221;25px&#8221; header_2_font_size_last_edited=&#8221;on|phone&#8221; global_colors_info=&#8221;{}&#8221; theme_builder_area=&#8221;post_content&#8221; sticky_enabled=&#8221;0&#8243;]<\/p>\n<h2 style=\"text-align: left;\"><b>Tytu\u0142 projektu: \u201cTermomodernizacja budynk\u00f3w u\u017cyteczno\u015bci publicznej na terenie Gminy Wisznice\u201d<\/b><\/h2>\n<h2><\/h2>\n<p><b>Nazwa Programu:<\/b><span style=\"font-weight: 400;\"> Regionalny Program Operacyjny Wojew\u00f3dztwa Lubelskiego na lata 2014-2020<\/span><\/p>\n<p><b>Dzia\u0142anie:<\/b><span style=\"font-weight: 400;\"> Efektywno\u015b\u0107 energetyczna sektora publicznego<\/span><\/p>\n<p><b>Warto\u015b\u0107 Projektu: <\/b><span style=\"font-weight: 400;\">2 465 365,54 z\u0142\u00a0<\/span><\/p>\n<p><b>Koszty kwalifikowane projektu:<\/b><span style=\"font-weight: 400;\"> 1 749 920,03 z\u0142\u00a0<\/span><\/p>\n<p><b>Kwota dofinansowania:<\/b><span style=\"font-weight: 400;\"> 1 487 432,02 z\u0142\u00a0<\/span><\/p>\n<p><b>Cel g\u0142\u00f3wny:<\/b><span style=\"font-weight: 400;\"> poprawa efektywno\u015bci zarz\u0105dzania i wykorzystania energii w budynkach publicznych na terenie Gminy Wisznice poprzez termomodernizacj\u0119 oraz zastosowanie instalacji odnawialnych \u017ar\u00f3de\u0142 energii.<\/span><\/p>\n<p><b>Najwa\u017cniejsze zadania: <\/b><span style=\"font-weight: 400;\">g\u0142\u0119boka termomodernizacja (ocieplenie \u015bcian, strop\u00f3w i stropodach\u00f3w, wymiana stolarki okiennej i drzwiowej, modernizacja instalacji c.o., instalacji elektrycznej o\u015bwietleniowej, monta\u017c zestaw\u00f3w solarnych do przygotowania c.w.u.) budynk\u00f3w: OSP i \u015aDS na Wygodzie, Szko??y Podstawowej w Polubiczach Wiejskich, przedszkola w Wisznicach.<\/span><\/p>\n<p><b>Przewidywane produkty i rezultaty:<\/b><\/p>\n<ol>\n<li style=\"font-weight: 400;\" aria-level=\"1\"><span style=\"font-weight: 400;\">Dodatkowa zdolno\u015b\u0107 wytwarzania energii cieplnej ze \u017ar\u00f3de\u0142 odnawialnych &#8211; 0,19 MWt.<\/span><\/li>\n<li style=\"font-weight: 400;\" aria-level=\"1\"><span style=\"font-weight: 400;\">Liczba wybudowanych jednostek wytwarzania energii cieplnej z OZE &#8211; 5 szt.<\/span><\/li>\n<li style=\"font-weight: 400;\" aria-level=\"1\"><span style=\"font-weight: 400;\">Liczba zmodernizowanych energetycznie budynk\u00f3w &#8211; 3 szt.<\/span><\/li>\n<li style=\"font-weight: 400;\" aria-level=\"1\"><span style=\"font-weight: 400;\">Powierzchnia u\u017cytkowa budynk\u00f3w poddanych termomodernizacji &#8211; 3 010,00 m2.<\/span><\/li>\n<li style=\"font-weight: 400;\" aria-level=\"1\"><span style=\"font-weight: 400;\">Ilo\u015b\u0107 zaoszcz\u0119dzonej energii cieplnej &#8211; 3 936,55 GJ\/rok<\/span><\/li>\n<li style=\"font-weight: 400;\" aria-level=\"1\"><span style=\"font-weight: 400;\">Ilo\u015b\u0107 zaoszcz\u0119dzonej energii elektrycznej &#8211; 23,79 MWh\/rok<\/span><\/li>\n<li style=\"font-weight: 400;\" aria-level=\"1\"><span style=\"font-weight: 400;\">Liczba nowo utworzonych miejsc pracy &#8211; 1 etat<\/span><\/li>\n<li style=\"font-weight: 400;\" aria-level=\"1\"><span style=\"font-weight: 400;\">Produkcja energii cieplnej z nowo wybudowanych instalacji wykorzystuj\u0105cych OZE &#8211; 275,38 MWht\/rok<\/span><\/li>\n<li style=\"font-weight: 400;\" aria-level=\"1\"><span style=\"font-weight: 400;\">Produkcja energii cieplnej z nowych mocy wytw\u00f3rczych instalacji wykorzystuj\u0105cych OZE &#8211; 275,38 MWht\/rok<\/span><\/li>\n<li style=\"font-weight: 400;\" aria-level=\"1\"><span style=\"font-weight: 400;\">Szacowany roczny spadek emisji gaz\u00f3w cieplarnianych &#8211; 322,15 tony r\u00f3wnowa??nika CO2 (CI 34)<\/span><\/li>\n<li style=\"font-weight: 400;\" aria-level=\"1\"><span style=\"font-weight: 400;\">Zmniejszenie rocznego zu\u017cycia energii pierwotnej w budynkach publicznych &#8211; 1 117 278,12 kWh\/rok (CI 32)<\/span><\/li>\n<\/ol>\n<p>[\/et_pb_text][et_pb_text _builder_version=&#8221;4.14.8&#8243; text_font=&#8221;||||||||&#8221; text_font_size=&#8221;16px&#8221; text_line_height=&#8221;2em&#8221; header_font=&#8221;||||||||&#8221; header_2_font=&#8221;Raleway|700|||||||&#8221; header_2_font_size=&#8221;30px&#8221; header_2_line_height=&#8221;1.2em&#8221; header_6_font=&#8221;Raleway|700||on|||||&#8221; header_6_font_size=&#8221;16px&#8221; header_6_letter_spacing=&#8221;5px&#8221; header_6_line_height=&#8221;1.8em&#8221; max_width=&#8221;700px&#8221; max_width_last_edited=&#8221;off|desktop&#8221; module_alignment=&#8221;center&#8221; hover_enabled=&#8221;0&#8243; header_2_font_size_tablet=&#8221;35px&#8221; header_2_font_size_phone=&#8221;25px&#8221; header_2_font_size_last_edited=&#8221;on|phone&#8221; global_colors_info=&#8221;{}&#8221; theme_builder_area=&#8221;post_content&#8221; sticky_enabled=&#8221;0&#8243;]<\/p>\n<h2><b>Tytu\u0142 projektu: \u201cRozw\u00f3j infrastruktury us\u0142ug spo\u0142ecznych w gminie Wisznice\u201d<\/b><\/h2>\n<p><b>Nazwa Programu:<\/b><span style=\"font-weight: 400;\"> Regionalny Program Operacyjny Wojew\u00f3dztwa Lubelskiego na lata 2014-2020<\/span><\/p>\n<p><b>Dzia\u0142anie:<\/b><span style=\"font-weight: 400;\"> 13.2 Infrastruktura us\u0142ug spo\u0142ecznych<\/span><\/p>\n<p><b>Warto\u015b\u0107 Projektu: <\/b><span style=\"font-weight: 400;\">535 382,68 z\u0142\u00a0<\/span><\/p>\n<p><b>Koszty kwalifikowane projektu:<\/b><span style=\"font-weight: 400;\"> 528 182,27 z\u0142\u00a0<\/span><\/p>\n<p><b>Kwota dofinansowania:<\/b><span style=\"font-weight: 400;\"> 342 332,76 z\u0142\u00a0<\/span><\/p>\n<p><b>Cel g\u0142\u00f3wny: <\/b><span style=\"font-weight: 400;\">\u00a0zwi\u0119kszenie dost\u0119pu do wysokiej jako\u015bci us\u0142ug spo\u0142ecznych w gminie Wisznice poprzez wsparcie infrastruktury do ich sprawnego i efektywnego \u015bwiadczenia.<\/span><\/p>\n<p><b>Cele szczeg\u00f3\u0142owe: <\/b><span style=\"font-weight: 400;\">zapewnienie odpowiednich warunk\u00f3w do \u015bwiadczenia wysokiej jako\u015bci aktywizacji spo\u0142eczno-zawodowej w gminie Wisznice, dostosowanie oferty us\u0142ug spo\u0142ecznych do potrzeb obecnych i potencjalnych odbiorc\u00f3w, rozw\u00f3j \u015brodowiskowych form wsparcia dla os\u00f3b z zaburzeniami psychicznymi w gminie Wisznice.<\/span><\/p>\n<p><b>Najwa\u017cniejsze zadania: <\/b><span style=\"font-weight: 400;\">zakup wyposa??enia \u015brodowiskowego Domu Samopomocy w Wisznicach (meble, sprz\u0119t ICT\/RTV i AGD, sprz\u0119t do rehabilitacji i aktywizacji ruchowej), modernizacja ??azienek, wymiana o\u015bwietlenia na energooszcz\u0119dne, zakup i monta\u017c klimatyzacji oraz zagospodarowanie terenu wok\u00f3\u0142 budynku &#8211; wykonanie utwardze\u0144, nasadzenia zieleni, budowa os??ony ??mietnika i zadaszenia na rowery, instalacja monitoringu oraz budowa altan rekreacyjnych.<\/span><\/p>\n<p><b>Przewidywane produkty i rezultaty:<\/b><\/p>\n<ol>\n<li style=\"font-weight: 400;\" aria-level=\"1\"><span style=\"font-weight: 400;\">Liczba wspartych instytucji \u015bwiadcz\u0105cych \u015brodowiskowe formy wsparcia w miejscu zamieszkania &#8211; 1 szt.<\/span><\/li>\n<li style=\"font-weight: 400;\" aria-level=\"1\"><span style=\"font-weight: 400;\">Liczba przebudowanych obiekt\u00f3w \u015bwiadcz\u0105cych us\u0142ugi aktywizacji spo\u0142eczno-zawodowej &#8211; 1 szt.<\/span><\/li>\n<li style=\"font-weight: 400;\" aria-level=\"1\"><span style=\"font-weight: 400;\">Rzeczywista liczba u\u017cytkownik\u00f3w us\u0142ug aktywizacji spo\u0142eczno-zawodowej \u015bwiadczonych we wspartych obiektach: 20 os\u00f3b<\/span><\/li>\n<li style=\"font-weight: 400;\" aria-level=\"1\"><span style=\"font-weight: 400;\">Potencjalna liczba u\u017cytkownik\u00f3w us\u0142ug aktywizacji spo\u0142eczno-zawodowej \u015bwiadczonych we wspartych obiektach: 30 os\u00f3b<\/span><\/li>\n<\/ol>\n<p>&nbsp;<\/p>\n<p>[\/et_pb_text][et_pb_text _builder_version=&#8221;4.14.8&#8243; _module_preset=&#8221;default&#8221; theme_builder_area=&#8221;post_content&#8221; hover_enabled=&#8221;0&#8243; sticky_enabled=&#8221;0&#8243;]<\/p>\n<p style=\"text-align: center;\"><a href=\"http:\/\/www.mapadotacji.gov\"><span style=\"font-weight: 400;\">www.mapadotacji.gov<\/span><\/a><\/p>\n<p>[\/et_pb_text][\/et_pb_column][\/et_pb_row][\/et_pb_section]<\/p>\n","protected":false},"excerpt":{"rendered":"<p>ProjektyTytu\u0142 projektu: \u201cTermomodernizacja budynk\u00f3w u\u017cyteczno\u015bci publicznej na terenie Gminy Wisznice\u201d Nazwa Programu: Regionalny Program Operacyjny Wojew\u00f3dztwa Lubelskiego na lata 2014-2020 Dzia\u0142anie: Efektywno\u015b\u0107 energetyczna sektora publicznego Warto\u015b\u0107 Projektu: 2 465 365,54 z\u0142\u00a0 Koszty kwalifikowane projektu: 1 749 920,03 z\u0142\u00a0 Kwota dofinansowania: 1 487 432,02 z\u0142\u00a0 Cel g\u0142\u00f3wny: poprawa efektywno\u015bci zarz\u0105dzania i wykorzystania energii w budynkach publicznych [&hellip;]<\/p>\n","protected":false},"author":1,"featured_media":0,"parent":0,"menu_order":0,"comment_status":"closed","ping_status":"closed","template":"","meta":{"_et_pb_use_builder":"on","_et_pb_old_content":"","_et_gb_content_width":"","footnotes":""},"class_list":["post-344","page","type-page","status-publish","hentry"],"acf":[],"_links":{"self":[{"href":"https:\/\/sdswisznice.pl\/index.php\/wp-json\/wp\/v2\/pages\/344","targetHints":{"allow":["GET"]}}],"collection":[{"href":"https:\/\/sdswisznice.pl\/index.php\/wp-json\/wp\/v2\/pages"}],"about":[{"href":"https:\/\/sdswisznice.pl\/index.php\/wp-json\/wp\/v2\/types\/page"}],"author":[{"embeddable":true,"href":"https:\/\/sdswisznice.pl\/index.php\/wp-json\/wp\/v2\/users\/1"}],"replies":[{"embeddable":true,"href":"https:\/\/sdswisznice.pl\/index.php\/wp-json\/wp\/v2\/comments?post=344"}],"version-history":[{"count":2,"href":"https:\/\/sdswisznice.pl\/index.php\/wp-json\/wp\/v2\/pages\/344\/revisions"}],"predecessor-version":[{"id":349,"href":"https:\/\/sdswisznice.pl\/index.php\/wp-json\/wp\/v2\/pages\/344\/revisions\/349"}],"wp:attachment":[{"href":"https:\/\/sdswisznice.pl\/index.php\/wp-json\/wp\/v2\/media?parent=344"}],"curies":[{"name":"wp","href":"https:\/\/api.w.org\/{rel}","templated":true}]}}