{"id":557,"date":"2022-03-30T20:46:43","date_gmt":"2022-03-30T18:46:43","guid":{"rendered":"https:\/\/sdswisznice.pl\/?page_id=557"},"modified":"2026-03-24T13:00:22","modified_gmt":"2026-03-24T12:00:22","slug":"dostepnosc","status":"publish","type":"page","link":"https:\/\/sdswisznice.pl\/index.php\/dostepnosc\/","title":{"rendered":"Dost\u0119pno\u015b\u0107"},"content":{"rendered":"<p>[et_pb_section fb_built=&#8221;1&#8243; _builder_version=&#8221;4.14.8&#8243; _module_preset=&#8221;default&#8221; custom_margin=&#8221;6rem||||false|false&#8221; global_colors_info=&#8221;{}&#8221;][et_pb_row _builder_version=&#8221;4.14.8&#8243; _module_preset=&#8221;default&#8221; global_colors_info=&#8221;{}&#8221; collapsed=&#8221;off&#8221;][et_pb_column type=&#8221;4_4&#8243; _builder_version=&#8221;4.14.8&#8243; _module_preset=&#8221;default&#8221; global_colors_info=&#8221;{}&#8221;][et_pb_text _builder_version=&#8221;4.14.8&#8243; _module_preset=&#8221;default&#8221; hover_enabled=&#8221;0&#8243; sticky_enabled=&#8221;0&#8243;]<\/p>\n<p><strong>Deklaracja dost\u0119pno\u015bci<\/strong><\/p>\n<p><strong>\u015arodowiskowego Domu Samopomocy w Wisznicach<\/strong><\/p>\n<p>\u015arodowiskowy Dom Samopomocy w Wisznicach zobowi\u0105zuje si\u0119 zapewni\u0107 dost\u0119pno\u015b\u0107 swojej strony internetowej zgodnie z ustaw\u0105 z dnia 4 kwietnia 2019 r. o dost\u0119pno\u015bci cyfrowej stron internetowych i aplikacji mobilnych podmiot\u00f3w publicznych.<\/p>\n<p>Niniejsza deklaracja dotyczy strony internetowej:<br \/><a href=\"http:\/\/www.sdswisznice.pl\">www.sdswisznice.pl<\/a><\/p>\n<p><strong>Dane kontaktowe<\/strong><\/p>\n<p>\u015arodowiskowy Dom Samopomocy w Wisznicach (\u015aDS w Wisznicach)<br \/>Wygoda 10, 21-580 Wisznice<br \/>tel. +48 83 343 62 81, +48 517 164 174<br \/>e-mail: sdswisznice@interia.pl<\/p>\n<p><strong>Dost\u0119pno\u015b\u0107 cyfrowa<\/strong><\/p>\n<p><strong>Status zgodno\u015bci<\/strong><\/p>\n<p>Strona internetowa jest <strong>cz\u0119\u015bciowo zgodna<\/strong> z ustaw\u0105 o dost\u0119pno\u015bci cyfrowej z powodu niezgodno\u015bci wymienionych poni\u017cej.<\/p>\n<p><strong>Niezgodno\u015bci i wy\u0142\u0105czenia<\/strong><\/p>\n<ul>\n<li>cz\u0119\u015b\u0107 zdj\u0119\u0107 nie posiada tekst\u00f3w alternatywnych,<\/li>\n<li>brak mo\u017cliwo\u015bci powi\u0119kszania tekstu w standardowy spos\u00f3b,<\/li>\n<li>brak mo\u017cliwo\u015bci zmiany kontrastu,<\/li>\n<li>brak t\u0142umacze\u0144 na j\u0119zyk migowy,<\/li>\n<li>brak informacji w tek\u015bcie \u0142atwym do czytania (ETR),<\/li>\n<li>cz\u0119\u015b\u0107 dokument\u00f3w (np. PDF) mo\u017ce nie by\u0107 dost\u0119pna cyfrowo.<\/li>\n<\/ul>\n<p><strong>U\u0142atwienia na stronie<\/strong><\/p>\n<ul>\n<li>mo\u017cliwo\u015b\u0107 korzystania ze strony bez wzgl\u0119du na orientacj\u0119 ekranu,<\/li>\n<li>dost\u0119pno\u015b\u0107 nawigacji klawiaturowej,<\/li>\n<li>widoczne pod\u015bwietlenie element\u00f3w aktywnych (focus),<\/li>\n<li>dost\u0119p do wyszukiwarki tre\u015bci.<\/li>\n<\/ul>\n<p><strong>Daty<\/strong><\/p>\n<ul>\n<li>Data publikacji strony: 2016-01-01<\/li>\n<li>Data ostatniej istotnej aktualizacji: 2024-01-01<\/li>\n<\/ul>\n<p><strong>Aplikacje mobilne<\/strong><\/p>\n<p>\u015arodowiskowy Dom Samopomocy w Wisznicach <strong>nie posiada aplikacji mobilnych<\/strong>.<\/p>\n<p><strong>Przygotowanie deklaracji<\/strong><\/p>\n<p>Deklaracj\u0119 sporz\u0105dzono na podstawie <strong>samooceny przeprowadzonej przez pracownika \u015aDS w Wisznicach<\/strong>.<\/p>\n<p>Data sporz\u0105dzenia deklaracji: <strong>2026-03-24<\/strong><\/p>\n<p><strong>Informacje zwrotne i procedura odwo\u0142awcza<\/strong><\/p>\n<p>W przypadku problem\u00f3w z dost\u0119pno\u015bci\u0105 strony internetowej prosimy o kontakt:<\/p>\n<p>Koordynator ds. dost\u0119pno\u015bci (Gmina Wisznice):<br \/>Piotr Romanowicz<br \/>tel. +48 508 722 782<br \/>e-mail: promanowicz@wisznice.pl<\/p>\n<p>Osoba do kontaktu w \u015aDS:<br \/>Karolina \u0141uczy\u0144ska<br \/>tel. +48 517 164 174<br \/>e-mail: sdswisznice@interia.pl<\/p>\n<p>Za pomoc\u0105 powy\u017cszych danych kontaktowych mo\u017cna:<\/p>\n<ul>\n<li>zg\u0142asza\u0107 uwagi dotycz\u0105ce dost\u0119pno\u015bci,<\/li>\n<li>sk\u0142ada\u0107 wnioski o udost\u0119pnienie informacji niedost\u0119pnej,<\/li>\n<li>sk\u0142ada\u0107 \u017c\u0105dania zapewnienia dost\u0119pno\u015bci.<\/li>\n<\/ul>\n<p><strong>Procedura<\/strong><\/p>\n<p>Ka\u017cdy ma prawo wyst\u0105pi\u0107 z \u017c\u0105daniem zapewnienia dost\u0119pno\u015bci cyfrowej strony internetowej, aplikacji mobilnej lub ich element\u00f3w.<\/p>\n<p>\u017b\u0105danie powinno zawiera\u0107:<\/p>\n<ul>\n<li>dane osoby zg\u0142aszaj\u0105cej,<\/li>\n<li>wskazanie strony lub elementu,<\/li>\n<li>spos\u00f3b kontaktu,<\/li>\n<li>preferowany spos\u00f3b udost\u0119pnienia informacji (je\u015bli dotyczy).<\/li>\n<\/ul>\n<p>Podmiot publiczny realizuje \u017c\u0105danie:<\/p>\n<ul>\n<li>niezw\u0142ocznie, nie p\u00f3\u017aniej ni\u017c w ci\u0105gu 7 dni,<\/li>\n<li>w przypadku braku mo\u017cliwo\u015bci \u2013 informuje o nowym terminie (nie d\u0142u\u017cszym ni\u017c 2 miesi\u0105ce).<\/li>\n<\/ul>\n<p>W przypadku odmowy realizacji \u017c\u0105dania mo\u017cna z\u0142o\u017cy\u0107 skarg\u0119, a nast\u0119pnie skierowa\u0107 spraw\u0119 do Rzecznika Praw Obywatelskich.<\/p>\n<p>Strona Rzecznika Praw Obywatelskich: <a href=\"http:\/\/www.rpo.gov.pl\">www.rpo.gov.pl<\/a><\/p>\n<p><strong>Dost\u0119pno\u015b\u0107 architektoniczna<\/strong><\/p>\n<p><strong>Lokalizacja: Wygoda 10, 21-580 Wisznice<\/strong><\/p>\n<ul>\n<li>budynek dwukondygnacyjny, \u015aDS znajduje si\u0119 na I pi\u0119trze,<\/li>\n<li>przed budynkiem dost\u0119pny parking (brak wyznaczonych miejsc dla os\u00f3b z niepe\u0142nosprawno\u015bciami),<\/li>\n<li>wej\u015bcie do budynku bez barier architektonicznych,<\/li>\n<li>brak domofonu przy wej\u015bciu,<\/li>\n<li>schody bez oznacze\u0144 kontrastowych,<\/li>\n<li>dost\u0119p do pi\u0119tra zapewnia platforma windowa,<\/li>\n<li>platforma posiada sygna\u0142y d\u017awi\u0119kowe i przycisk alarmowy, brak oznacze\u0144 w alfabecie Braille\u2019a,<\/li>\n<li>korytarze dostosowane do poruszania si\u0119 os\u00f3b na w\u00f3zkach,<\/li>\n<li>pomieszczenia oznaczone w spos\u00f3b czytelny,<\/li>\n<li>dost\u0119pne trzy toalety dostosowane do potrzeb os\u00f3b z niepe\u0142nosprawno\u015bciami.<\/li>\n<\/ul>\n<p><strong>Lokalizacja: ul. Rynek 9, 21-580 Wisznice<\/strong><\/p>\n<ul>\n<li>budynek dwukondygnacyjny, \u015aDS znajduje si\u0119 na I pi\u0119trze,<\/li>\n<li>miejsca parkingowe w pobli\u017cu (w tym miejsca dla os\u00f3b z niepe\u0142nosprawno\u015bciami w odleg\u0142o\u015bci ok. 50 m),<\/li>\n<li>wej\u015bcie do budynku bez barier architektonicznych,<\/li>\n<li>dost\u0119p do pi\u0119tra zapewnia winda wyposa\u017cona w przyciski z alfabetem Braille\u2019a i sygna\u0142y d\u017awi\u0119kowe,<\/li>\n<li>schody bez oznacze\u0144 kontrastowych,<\/li>\n<li>korytarze dost\u0119pne dla os\u00f3b na w\u00f3zkach,<\/li>\n<li>dost\u0119pna toaleta dostosowana do potrzeb os\u00f3b z niepe\u0142nosprawno\u015bciami.<\/li>\n<\/ul>\n<p><strong>Dost\u0119pno\u015b\u0107 komunikacyjno-informacyjna<\/strong><\/p>\n<ul>\n<li>pracownicy s\u0105 przeszkoleni w zakresie obs\u0142ugi os\u00f3b z niepe\u0142nosprawno\u015bciami,<\/li>\n<li>zapewniona mo\u017cliwo\u015b\u0107 skorzystania z asystenta osoby z niepe\u0142nosprawno\u015bci\u0105,<\/li>\n<li>dost\u0119pny pok\u00f3j \u201ecichej obs\u0142ugi\u201d,<\/li>\n<li>plac\u00f3wka dysponuje przeno\u015bn\u0105 p\u0119tl\u0105 indukcyjn\u0105 oraz w\u00f3zkiem ewakuacyjnym,<\/li>\n<li>dost\u0119pny plan tyflograficzny,<\/li>\n<li>brak oznacze\u0144 w alfabecie Braille\u2019a oraz oznacze\u0144 kontrastowych w cz\u0119\u015bci budynku,<\/li>\n<li>brak mo\u017cliwo\u015bci skorzystania z t\u0142umacza j\u0119zyka migowego,<\/li>\n<li>mo\u017cliwe jest wej\u015bcie z psem asystuj\u0105cym lub przewodnikiem.<\/li>\n<\/ul>\n<p><strong>Formy kontaktu<\/strong><\/p>\n<ul>\n<li>telefon: +48 83 343 62 81, +48 517 164 174<\/li>\n<li>e-mail: sdswisznice@interia.pl<\/li>\n<li>SMS\/MMS: +48 517 164 174<\/li>\n<\/ul>\n<p>korespondencja: \u015aDS w Wisznicach, Wygoda 10, 21-580 Wisznice<\/p>\n<p>[\/et_pb_text][\/et_pb_column][\/et_pb_row][\/et_pb_section]<\/p>\n","protected":false},"excerpt":{"rendered":"<p>Deklaracja dost\u0119pno\u015bci \u015arodowiskowego Domu Samopomocy w Wisznicach \u015arodowiskowy Dom Samopomocy w Wisznicach zobowi\u0105zuje si\u0119 zapewni\u0107 dost\u0119pno\u015b\u0107 swojej strony internetowej zgodnie z ustaw\u0105 z dnia 4 kwietnia 2019 r. o dost\u0119pno\u015bci cyfrowej stron internetowych i aplikacji mobilnych podmiot\u00f3w publicznych. Niniejsza deklaracja dotyczy strony internetowej:www.sdswisznice.pl Dane kontaktowe \u015arodowiskowy Dom Samopomocy w Wisznicach (\u015aDS w Wisznicach)Wygoda 10, 21-580 [&hellip;]<\/p>\n","protected":false},"author":1,"featured_media":0,"parent":0,"menu_order":0,"comment_status":"closed","ping_status":"closed","template":"","meta":{"_et_pb_use_builder":"on","_et_pb_old_content":"","_et_gb_content_width":"","footnotes":""},"class_list":["post-557","page","type-page","status-publish","hentry"],"acf":[],"_links":{"self":[{"href":"https:\/\/sdswisznice.pl\/index.php\/wp-json\/wp\/v2\/pages\/557","targetHints":{"allow":["GET"]}}],"collection":[{"href":"https:\/\/sdswisznice.pl\/index.php\/wp-json\/wp\/v2\/pages"}],"about":[{"href":"https:\/\/sdswisznice.pl\/index.php\/wp-json\/wp\/v2\/types\/page"}],"author":[{"embeddable":true,"href":"https:\/\/sdswisznice.pl\/index.php\/wp-json\/wp\/v2\/users\/1"}],"replies":[{"embeddable":true,"href":"https:\/\/sdswisznice.pl\/index.php\/wp-json\/wp\/v2\/comments?post=557"}],"version-history":[{"count":5,"href":"https:\/\/sdswisznice.pl\/index.php\/wp-json\/wp\/v2\/pages\/557\/revisions"}],"predecessor-version":[{"id":2757,"href":"https:\/\/sdswisznice.pl\/index.php\/wp-json\/wp\/v2\/pages\/557\/revisions\/2757"}],"wp:attachment":[{"href":"https:\/\/sdswisznice.pl\/index.php\/wp-json\/wp\/v2\/media?parent=557"}],"curies":[{"name":"wp","href":"https:\/\/api.w.org\/{rel}","templated":true}]}}